{"id":230,"date":"2021-05-03T08:43:28","date_gmt":"2021-05-03T08:43:28","guid":{"rendered":"https:\/\/sowibefo-regensburg.de\/?page_id=230"},"modified":"2023-05-12T13:38:23","modified_gmt":"2023-05-12T11:38:23","slug":"impressum","status":"publish","type":"page","link":"https:\/\/sowibefo-regensburg.de\/en\/impressum\/","title":{"rendered":"Impressum"},"content":{"rendered":"<div data-elementor-type=\"wp-page\" data-elementor-id=\"230\" class=\"elementor elementor-230\">\n\t\t\t\t\t\t<section class=\"elementor-section elementor-top-section elementor-element elementor-element-23aa54e elementor-section-boxed elementor-section-height-default elementor-section-height-default\" data-id=\"23aa54e\" data-element_type=\"section\" data-e-type=\"section\">\n\t\t\t\t\t\t<div class=\"elementor-container elementor-column-gap-default\">\n\t\t\t\t\t<div class=\"elementor-column elementor-col-100 elementor-top-column elementor-element elementor-element-ee2f83b\" data-id=\"ee2f83b\" data-element_type=\"column\" data-e-type=\"column\">\n\t\t\t<div class=\"elementor-widget-wrap elementor-element-populated\">\n\t\t\t\t\t\t<div class=\"elementor-element elementor-element-7bb0bba elementor-widget elementor-widget-heading\" data-id=\"7bb0bba\" data-element_type=\"widget\" data-e-type=\"widget\" data-widget_type=\"heading.default\">\n\t\t\t\t<div class=\"elementor-widget-container\">\n\t\t\t\t\t<h1 class=\"elementor-heading-title elementor-size-large\">Impressum<\/h1>\t\t\t\t<\/div>\n\t\t\t\t<\/div>\n\t\t\t\t\t<\/div>\n\t\t<\/div>\n\t\t\t\t\t<\/div>\n\t\t<\/section>\n\t\t\t\t<section class=\"elementor-section elementor-top-section elementor-element elementor-element-acc5da3 elementor-section-boxed elementor-section-height-default elementor-section-height-default\" data-id=\"acc5da3\" data-element_type=\"section\" data-e-type=\"section\">\n\t\t\t\t\t\t<div class=\"elementor-container elementor-column-gap-default\">\n\t\t\t\t\t<div class=\"elementor-column elementor-col-100 elementor-top-column elementor-element elementor-element-0445024\" data-id=\"0445024\" data-element_type=\"column\" data-e-type=\"column\">\n\t\t\t<div class=\"elementor-widget-wrap elementor-element-populated\">\n\t\t\t\t\t\t<div class=\"elementor-element elementor-element-406de00 elementor-widget elementor-widget-text-editor\" data-id=\"406de00\" data-element_type=\"widget\" data-e-type=\"widget\" data-widget_type=\"text-editor.default\">\n\t\t\t\t<div class=\"elementor-widget-container\">\n\t\t\t\t\t\t\t\t\t<p><strong>Verein f\u00fcr sozialwissenschaftliche Beratung und Forschung e. V.<\/strong><\/p><p><strong>Association seat:<\/strong><br \/>Siebenb\u00fcrgener Str. 32<br \/>93057 Regensburg<\/p><p><strong>Office:<\/strong><br \/>Adolf-Schmetzer-Strasse 32<br \/>93055 Regensburg<\/p><p><strong>Contact person:<\/strong> <br \/>Alexander Krauss<br \/>Email: <span id=\"cloak50781\">krauss@sowibefo-regensburg.de<\/span>\u00a0<br \/>Phone: 0049 941 46562680<\/p><p><strong>Association Board<\/strong><strong>:<\/strong> Alexander Krauss, Alice Buzdugan<\/p><p>Disclaimer: Despite careful control of the content, we do not assume any liability for the content of external links. The operators of the linked pages are solely responsible for their content.<\/p><p>Background - Image licence:\u00a0 <a href=\"https:\/\/pixabay.com\/de\/service\/license\/\">Pixabay licence<\/a><\/p><p><a href=\"https:\/\/sowibefo-regensburg.de\/en\/\"><strong>www.sowibefo-regensburg.de<\/strong><\/a><\/p>\t\t\t\t\t\t\t\t<\/div>\n\t\t\t\t<\/div>\n\t\t\t\t\t<\/div>\n\t\t<\/div>\n\t\t\t\t\t<\/div>\n\t\t<\/section>\n\t\t\t\t<\/div>","protected":false},"excerpt":{"rendered":"<p>Impressum Verein f\u00fcr sozialwissenschaftliche Beratung und Forschung e. V. Vereinssitz:Siebenb\u00fcrgener Str. 3293057 Regensburg B\u00fcro:Adolf-Schmetzer-Strasse 3293055 Regensburg Kontaktperson: Alexander KraussEmail: krauss@sowibefo-regensburg.de\u00a0Telefon: 0049 941 46562680 Vereinsvorstand: Alexander Krauss, Alice Buzdugan Haftungshinweis: Trotz sorgf\u00e4ltiger inhaltlicher Kontrolle \u00fcbernehmen wir keine Haftung f\u00fcr die Inhalte externer Links. F\u00fcr den Inhalt der verlinkten Seiten sind ausschlie\u00dflich deren Betreiber verantwortlich. Hintergrund &#8211; Bildlizenz:\u00a0 Pixabay-Lizenz www.sowibefo-regensburg.de<\/p>","protected":false},"author":1,"featured_media":0,"parent":0,"menu_order":0,"comment_status":"closed","ping_status":"closed","template":"","meta":{"footnotes":""},"class_list":["post-230","page","type-page","status-publish"],"_links":{"self":[{"href":"https:\/\/sowibefo-regensburg.de\/en\/wp-json\/wp\/v2\/pages\/230","targetHints":{"allow":["GET"]}}],"collection":[{"href":"https:\/\/sowibefo-regensburg.de\/en\/wp-json\/wp\/v2\/pages"}],"about":[{"href":"https:\/\/sowibefo-regensburg.de\/en\/wp-json\/wp\/v2\/types\/page"}],"author":[{"embeddable":true,"href":"https:\/\/sowibefo-regensburg.de\/en\/wp-json\/wp\/v2\/users\/1"}],"replies":[{"embeddable":true,"href":"https:\/\/sowibefo-regensburg.de\/en\/wp-json\/wp\/v2\/comments?post=230"}],"version-history":[{"count":25,"href":"https:\/\/sowibefo-regensburg.de\/en\/wp-json\/wp\/v2\/pages\/230\/revisions"}],"predecessor-version":[{"id":3064,"href":"https:\/\/sowibefo-regensburg.de\/en\/wp-json\/wp\/v2\/pages\/230\/revisions\/3064"}],"wp:attachment":[{"href":"https:\/\/sowibefo-regensburg.de\/en\/wp-json\/wp\/v2\/media?parent=230"}],"curies":[{"name":"wp","href":"https:\/\/api.w.org\/{rel}","templated":true}]}}