{"id":66,"date":"2021-04-26T14:19:36","date_gmt":"2021-04-26T14:19:36","guid":{"rendered":"https:\/\/sowibefo-regensburg.de\/?page_id=66"},"modified":"2024-02-14T11:33:50","modified_gmt":"2024-02-14T10:33:50","slug":"kooperation","status":"publish","type":"page","link":"https:\/\/sowibefo-regensburg.de\/en\/kooperation\/","title":{"rendered":"Cooperation"},"content":{"rendered":"<div data-elementor-type=\"wp-page\" data-elementor-id=\"66\" class=\"elementor elementor-66\">\n\t\t\t\t\t\t<section class=\"elementor-section elementor-top-section elementor-element elementor-element-49e5b8b elementor-section-boxed elementor-section-height-default elementor-section-height-default\" data-id=\"49e5b8b\" data-element_type=\"section\" data-e-type=\"section\">\n\t\t\t\t\t\t<div class=\"elementor-container elementor-column-gap-default\">\n\t\t\t\t\t<div class=\"elementor-column elementor-col-100 elementor-top-column elementor-element elementor-element-bc54f01\" data-id=\"bc54f01\" data-element_type=\"column\" data-e-type=\"column\">\n\t\t\t<div class=\"elementor-widget-wrap elementor-element-populated\">\n\t\t\t\t\t\t<div class=\"elementor-element elementor-element-926a06f elementor-widget elementor-widget-heading\" data-id=\"926a06f\" data-element_type=\"widget\" data-e-type=\"widget\" data-widget_type=\"heading.default\">\n\t\t\t\t<div class=\"elementor-widget-container\">\n\t\t\t\t\t<h1 class=\"elementor-heading-title elementor-size-large\">Cooperation<\/h1>\t\t\t\t<\/div>\n\t\t\t\t<\/div>\n\t\t\t\t\t<\/div>\n\t\t<\/div>\n\t\t\t\t\t<\/div>\n\t\t<\/section>\n\t\t\t\t<section class=\"elementor-section elementor-top-section elementor-element elementor-element-bc2cdc3 elementor-section-boxed elementor-section-height-default elementor-section-height-default\" data-id=\"bc2cdc3\" data-element_type=\"section\" data-e-type=\"section\">\n\t\t\t\t\t\t<div class=\"elementor-container elementor-column-gap-default\">\n\t\t\t\t\t<div class=\"elementor-column elementor-col-100 elementor-top-column elementor-element elementor-element-52b28ff\" data-id=\"52b28ff\" data-element_type=\"column\" data-e-type=\"column\">\n\t\t\t<div class=\"elementor-widget-wrap elementor-element-populated\">\n\t\t\t\t\t\t<div class=\"elementor-element elementor-element-033bb06 elementor-widget elementor-widget-text-editor\" data-id=\"033bb06\" data-element_type=\"widget\" data-e-type=\"widget\" data-widget_type=\"text-editor.default\">\n\t\t\t\t<div class=\"elementor-widget-container\">\n\t\t\t\t\t\t\t\t\t<p>The work of SoWiBeFo would not be possible without the many partnerships with which we work and research together. Friendly institutes, clients, pilot enterprises from pilot projects, partners and friends from international projects contribute to the success of our research and development projects with their knowledge and experience. In addition to the professional benefits, the opportunity to meet many committed and intelligent people is always an enriching and inspiring part of our work.<\/p>\t\t\t\t\t\t\t\t<\/div>\n\t\t\t\t<\/div>\n\t\t\t\t\t<\/div>\n\t\t<\/div>\n\t\t\t\t\t<\/div>\n\t\t<\/section>\n\t\t\t\t<section class=\"elementor-section elementor-top-section elementor-element elementor-element-9118b74 elementor-section-boxed elementor-section-height-default elementor-section-height-default\" data-id=\"9118b74\" data-element_type=\"section\" data-e-type=\"section\">\n\t\t\t\t\t\t<div class=\"elementor-container elementor-column-gap-default\">\n\t\t\t\t\t<div class=\"elementor-column elementor-col-100 elementor-top-column elementor-element elementor-element-22aab20\" data-id=\"22aab20\" data-element_type=\"column\" data-e-type=\"column\">\n\t\t\t<div class=\"elementor-widget-wrap elementor-element-populated\">\n\t\t\t\t\t\t<div class=\"elementor-element elementor-element-f0f5e68 elementor-widget elementor-widget-shortcode\" data-id=\"f0f5e68\" data-element_type=\"widget\" data-e-type=\"widget\" data-widget_type=\"shortcode.default\">\n\t\t\t\t<div class=\"elementor-widget-container\">\n\t\t\t\t\t\t\t<div class=\"elementor-shortcode\"><iframe src=\"https:\/\/www.google.com\/maps\/d\/u\/4\/embed?mid=1QZa6XlgcUGwS6n1BhJRknAX9lxQWb7I&ehbc=2E312F\" width=\"640\" height=\"480\"><\/iframe><\/div>\n\t\t\t\t\t\t<\/div>\n\t\t\t\t<\/div>\n\t\t\t\t\t<\/div>\n\t\t<\/div>\n\t\t\t\t\t<\/div>\n\t\t<\/section>\n\t\t\t\t<section class=\"elementor-section elementor-top-section elementor-element elementor-element-a3c611e elementor-section-boxed elementor-section-height-default elementor-section-height-default\" data-id=\"a3c611e\" data-element_type=\"section\" data-e-type=\"section\">\n\t\t\t\t\t\t<div class=\"elementor-container elementor-column-gap-default\">\n\t\t\t\t\t<div class=\"elementor-column elementor-col-100 elementor-top-column elementor-element elementor-element-a8d3dd5\" data-id=\"a8d3dd5\" data-element_type=\"column\" data-e-type=\"column\">\n\t\t\t<div class=\"elementor-widget-wrap elementor-element-populated\">\n\t\t\t\t\t\t<div class=\"elementor-element elementor-element-73f4e4f elementor-widget elementor-widget-text-editor\" data-id=\"73f4e4f\" data-element_type=\"widget\" data-e-type=\"widget\" data-widget_type=\"text-editor.default\">\n\t\t\t\t<div class=\"elementor-widget-container\">\n\t\t\t\t\t\t\t\t\t<p>SoWiBefo took on an associated partnership in the following European funding projects:<\/p>\n<ul>\n<li><a href=\"https:\/\/isob-regensburg.net\/projekt-romigsc\/\">Inclusion of Roma and Migrants in Schools: Learn - Discuss - Engage (<strong>RoMigSc<\/strong>)<\/a><\/li>\n<li><a href=\"https:\/\/isob-regensburg.net\/projekt-digivet\/\" target=\"_blank\" rel=\"noopener\">Online learning of Digital Media competences for SMEs to empower workplace learning (<strong>DigiVET<\/strong>)<\/a><\/li>\n<li><a href=\"https:\/\/isob-regensburg.net\/projekt-comnetneet\/\">Community Networking for Integration of Young People in NEET-Situation (<strong>NEETSinACTION<\/strong>)<\/a><\/li>\n<li><a href=\"https:\/\/isob-regensburg.net\/projekt-cisotra\/\">Civil Society for social inclusion of unaccompanied minors in transition to adulthood (<strong>CiSoTRA<\/strong>)<\/a><\/li>\n<\/ul>\t\t\t\t\t\t\t\t<\/div>\n\t\t\t\t<\/div>\n\t\t\t\t\t<\/div>\n\t\t<\/div>\n\t\t\t\t\t<\/div>\n\t\t<\/section>\n\t\t\t\t<\/div>","protected":false},"excerpt":{"rendered":"<p>Kooperation Die Arbeit von SoWiBeFo w\u00e4re nicht m\u00f6glich ohne die vielen Partnerschaften, mit denen wir gemeinsam arbeiten und forschen. Befreundete Institute, Auftraggeber:innen, Pilotbetriebe aus Modellversuchen, Partner:innen und Freund:innen aus internationalen Projekten tragen mit ihrem Wissen und ihrer Erfahrung zum Gelingen unserer Forschungs- und Entwicklungsprojekte bei. Neben dem fachlichen Ertrag ist die Chance zur Begegnung mit vielen engagierten und klugen Menschen immer wieder ein bereichernder und inspirierender Teil unserer Arbeit. Bei folgenden europ\u00e4ischen F\u00f6rderprojekten \u00fcbernahm SoWiBefo eine assoziierte Partnerschaft: Integration von Roma und Migranten in Schulen: Lernen \u2013 Diskutieren \u2013 Engagieren (RoMigSc) Digitale Medien f\u00fcr Lernen in Berufsbildung und arbeitsplatznahem Lernen in kleinen und mittleren Unternehmen (DigiVET) Kommunale Vernetzung zur Integration junger Menschen in NEET-Situationen (NEETSinACTION) Zivilgesellschaft zur F\u00f6rderung der sozial Integration von unbegleiteten minderj\u00e4hrigen Fl\u00fcchtlingen an der Schwelle zum Erwachsenenalter (CiSoTRA)<\/p>","protected":false},"author":1,"featured_media":0,"parent":0,"menu_order":0,"comment_status":"closed","ping_status":"closed","template":"","meta":{"footnotes":""},"class_list":["post-66","page","type-page","status-publish"],"_links":{"self":[{"href":"https:\/\/sowibefo-regensburg.de\/en\/wp-json\/wp\/v2\/pages\/66","targetHints":{"allow":["GET"]}}],"collection":[{"href":"https:\/\/sowibefo-regensburg.de\/en\/wp-json\/wp\/v2\/pages"}],"about":[{"href":"https:\/\/sowibefo-regensburg.de\/en\/wp-json\/wp\/v2\/types\/page"}],"author":[{"embeddable":true,"href":"https:\/\/sowibefo-regensburg.de\/en\/wp-json\/wp\/v2\/users\/1"}],"replies":[{"embeddable":true,"href":"https:\/\/sowibefo-regensburg.de\/en\/wp-json\/wp\/v2\/comments?post=66"}],"version-history":[{"count":35,"href":"https:\/\/sowibefo-regensburg.de\/en\/wp-json\/wp\/v2\/pages\/66\/revisions"}],"predecessor-version":[{"id":3353,"href":"https:\/\/sowibefo-regensburg.de\/en\/wp-json\/wp\/v2\/pages\/66\/revisions\/3353"}],"wp:attachment":[{"href":"https:\/\/sowibefo-regensburg.de\/en\/wp-json\/wp\/v2\/media?parent=66"}],"curies":[{"name":"wp","href":"https:\/\/api.w.org\/{rel}","templated":true}]}}