{"id":68,"date":"2021-04-26T14:19:46","date_gmt":"2021-04-26T14:19:46","guid":{"rendered":"https:\/\/sowibefo-regensburg.de\/?page_id=68"},"modified":"2022-10-20T10:10:44","modified_gmt":"2022-10-20T10:10:44","slug":"mitgliedschaften","status":"publish","type":"page","link":"https:\/\/sowibefo-regensburg.de\/en\/mitgliedschaften\/","title":{"rendered":"Memberships"},"content":{"rendered":"<div data-elementor-type=\"wp-page\" data-elementor-id=\"68\" class=\"elementor elementor-68\">\n\t\t\t\t\t\t<section class=\"elementor-section elementor-top-section elementor-element elementor-element-9cb18b9 elementor-section-boxed elementor-section-height-default elementor-section-height-default\" data-id=\"9cb18b9\" data-element_type=\"section\" data-e-type=\"section\">\n\t\t\t\t\t\t<div class=\"elementor-container elementor-column-gap-default\">\n\t\t\t\t\t<div class=\"elementor-column elementor-col-100 elementor-top-column elementor-element elementor-element-b2f9694\" data-id=\"b2f9694\" data-element_type=\"column\" data-e-type=\"column\">\n\t\t\t<div class=\"elementor-widget-wrap elementor-element-populated\">\n\t\t\t\t\t\t<div class=\"elementor-element elementor-element-728a5fb elementor-widget elementor-widget-heading\" data-id=\"728a5fb\" data-element_type=\"widget\" data-e-type=\"widget\" data-widget_type=\"heading.default\">\n\t\t\t\t<div class=\"elementor-widget-container\">\n\t\t\t\t\t<h1 class=\"elementor-heading-title elementor-size-large\">Memberships<\/h1>\t\t\t\t<\/div>\n\t\t\t\t<\/div>\n\t\t\t\t\t<\/div>\n\t\t<\/div>\n\t\t\t\t\t<\/div>\n\t\t<\/section>\n\t\t\t\t<section class=\"elementor-section elementor-top-section elementor-element elementor-element-0618657 elementor-section-boxed elementor-section-height-default elementor-section-height-default\" data-id=\"0618657\" data-element_type=\"section\" data-e-type=\"section\">\n\t\t\t\t\t\t<div class=\"elementor-container elementor-column-gap-default\">\n\t\t\t\t\t<div class=\"elementor-column elementor-col-100 elementor-top-column elementor-element elementor-element-14f182b\" data-id=\"14f182b\" data-element_type=\"column\" data-e-type=\"column\">\n\t\t\t<div class=\"elementor-widget-wrap elementor-element-populated\">\n\t\t\t\t\t\t<div class=\"elementor-element elementor-element-489e3ea elementor-widget elementor-widget-text-editor\" data-id=\"489e3ea\" data-element_type=\"widget\" data-e-type=\"widget\" data-widget_type=\"text-editor.default\">\n\t\t\t\t<div class=\"elementor-widget-container\">\n\t\t\t\t\t\t\t\t\t<p>Since its beginnings, SoWiBeFo has been involved in various associations and institutions. This has not only resulted in successfully implemented projects, but also in long-standing, reliable and stimulating partnerships. Clicking on the logos will take you to the corresponding websites.<\/p>\t\t\t\t\t\t\t\t<\/div>\n\t\t\t\t<\/div>\n\t\t\t\t\t<\/div>\n\t\t<\/div>\n\t\t\t\t\t<\/div>\n\t\t<\/section>\n\t\t\t\t<section class=\"elementor-section elementor-top-section elementor-element elementor-element-da78873 elementor-section-boxed elementor-section-height-default elementor-section-height-default\" data-id=\"da78873\" data-element_type=\"section\" data-e-type=\"section\">\n\t\t\t\t\t\t<div class=\"elementor-container elementor-column-gap-default\">\n\t\t\t\t\t<div class=\"elementor-column elementor-col-33 elementor-top-column elementor-element elementor-element-0cd29e3\" data-id=\"0cd29e3\" data-element_type=\"column\" data-e-type=\"column\">\n\t\t\t<div class=\"elementor-widget-wrap elementor-element-populated\">\n\t\t\t\t\t\t<div class=\"elementor-element elementor-element-a2d0748 elementor-widget elementor-widget-image\" data-id=\"a2d0748\" data-element_type=\"widget\" data-e-type=\"widget\" data-widget_type=\"image.default\">\n\t\t\t\t<div class=\"elementor-widget-container\">\n\t\t\t\t\t\t\t\t\t\t\t\t\t\t\t\t<a href=\"http:\/\/www.agbfn.de\" target=\"_blank\">\n\t\t\t\t\t\t\t<img decoding=\"async\" width=\"430\" height=\"54\" src=\"https:\/\/sowibefo-regensburg.de\/wp-content\/uploads\/2021\/05\/logo_agbfn.png\" class=\"attachment-large size-large wp-image-218\" alt=\"\" srcset=\"https:\/\/sowibefo-regensburg.de\/wp-content\/uploads\/2021\/05\/logo_agbfn.png 430w, https:\/\/sowibefo-regensburg.de\/wp-content\/uploads\/2021\/05\/logo_agbfn-300x38.png 300w\" sizes=\"(max-width: 430px) 100vw, 430px\" \/>\t\t\t\t\t\t\t\t<\/a>\n\t\t\t\t\t\t\t\t\t\t\t\t\t\t\t<\/div>\n\t\t\t\t<\/div>\n\t\t\t\t\t<\/div>\n\t\t<\/div>\n\t\t\t\t<div class=\"elementor-column elementor-col-66 elementor-top-column elementor-element elementor-element-8ff72ed\" data-id=\"8ff72ed\" data-element_type=\"column\" data-e-type=\"column\">\n\t\t\t<div class=\"elementor-widget-wrap elementor-element-populated\">\n\t\t\t\t\t\t<div class=\"elementor-element elementor-element-4e82a3f elementor-widget elementor-widget-text-editor\" data-id=\"4e82a3f\" data-element_type=\"widget\" data-e-type=\"widget\" data-widget_type=\"text-editor.default\">\n\t\t\t\t<div class=\"elementor-widget-container\">\n\t\t\t\t\t\t\t\t\t<p>SoWiBeFo is a member of the Arbeitsgemeinschaft Berufsbildungsforschungsnetz (AGBFN) and contributes to VET research. The AGBFN promotes interdisciplinary exchange and supports communication between science, politics and educational practice.<\/p>\t\t\t\t\t\t\t\t<\/div>\n\t\t\t\t<\/div>\n\t\t\t\t\t<\/div>\n\t\t<\/div>\n\t\t\t\t\t<\/div>\n\t\t<\/section>\n\t\t\t\t<section class=\"elementor-section elementor-top-section elementor-element elementor-element-c762784 elementor-section-boxed elementor-section-height-default elementor-section-height-default\" data-id=\"c762784\" data-element_type=\"section\" data-e-type=\"section\">\n\t\t\t\t\t\t<div class=\"elementor-container elementor-column-gap-default\">\n\t\t\t\t\t<div class=\"elementor-column elementor-col-33 elementor-top-column elementor-element elementor-element-b72f290\" data-id=\"b72f290\" data-element_type=\"column\" data-e-type=\"column\">\n\t\t\t<div class=\"elementor-widget-wrap elementor-element-populated\">\n\t\t\t\t\t\t<div class=\"elementor-element elementor-element-e52f9b2 elementor-widget elementor-widget-image\" data-id=\"e52f9b2\" data-element_type=\"widget\" data-e-type=\"widget\" data-widget_type=\"image.default\">\n\t\t\t\t<div class=\"elementor-widget-container\">\n\t\t\t\t\t\t\t\t\t\t\t\t\t\t\t\t<a href=\"http:\/\/www.agbfn.de\" target=\"_blank\">\n\t\t\t\t\t\t\t<img fetchpriority=\"high\" decoding=\"async\" width=\"800\" height=\"255\" src=\"https:\/\/sowibefo-regensburg.de\/wp-content\/uploads\/2022\/01\/Charta-der-Vielfalt-Logo-1024x326.jpg\" class=\"attachment-large size-large wp-image-2212\" alt=\"\" srcset=\"https:\/\/sowibefo-regensburg.de\/wp-content\/uploads\/2022\/01\/Charta-der-Vielfalt-Logo-1024x326.jpg 1024w, https:\/\/sowibefo-regensburg.de\/wp-content\/uploads\/2022\/01\/Charta-der-Vielfalt-Logo-300x96.jpg 300w, https:\/\/sowibefo-regensburg.de\/wp-content\/uploads\/2022\/01\/Charta-der-Vielfalt-Logo-768x245.jpg 768w, https:\/\/sowibefo-regensburg.de\/wp-content\/uploads\/2022\/01\/Charta-der-Vielfalt-Logo-18x6.jpg 18w, https:\/\/sowibefo-regensburg.de\/wp-content\/uploads\/2022\/01\/Charta-der-Vielfalt-Logo.jpg 1300w\" sizes=\"(max-width: 800px) 100vw, 800px\" \/>\t\t\t\t\t\t\t\t<\/a>\n\t\t\t\t\t\t\t\t\t\t\t\t\t\t\t<\/div>\n\t\t\t\t<\/div>\n\t\t\t\t\t<\/div>\n\t\t<\/div>\n\t\t\t\t<div class=\"elementor-column elementor-col-66 elementor-top-column elementor-element elementor-element-615f706\" data-id=\"615f706\" data-element_type=\"column\" data-e-type=\"column\">\n\t\t\t<div class=\"elementor-widget-wrap elementor-element-populated\">\n\t\t\t\t\t\t<div class=\"elementor-element elementor-element-311a056 elementor-widget elementor-widget-text-editor\" data-id=\"311a056\" data-element_type=\"widget\" data-e-type=\"widget\" data-widget_type=\"text-editor.default\">\n\t\t\t\t<div class=\"elementor-widget-container\">\n\t\t\t\t\t\t\t\t\t<p>SoWiBeFo has signed the \"Charta der Vielfalt\" (Charter of Diversity). With this, we position ourselves for a respectful, appreciative and prejudice-free interaction with each other - regardless of gender, nationality, religion or world view, appearance, disability, illness, social origin, age or sexual orientation.<\/p>\t\t\t\t\t\t\t\t<\/div>\n\t\t\t\t<\/div>\n\t\t\t\t\t<\/div>\n\t\t<\/div>\n\t\t\t\t\t<\/div>\n\t\t<\/section>\n\t\t\t\t<section class=\"elementor-section elementor-top-section elementor-element elementor-element-4948a26 elementor-section-boxed elementor-section-height-default elementor-section-height-default\" data-id=\"4948a26\" data-element_type=\"section\" data-e-type=\"section\">\n\t\t\t\t\t\t<div class=\"elementor-container elementor-column-gap-default\">\n\t\t\t\t\t<div class=\"elementor-column elementor-col-33 elementor-top-column elementor-element elementor-element-30eb73e\" data-id=\"30eb73e\" data-element_type=\"column\" data-e-type=\"column\">\n\t\t\t<div class=\"elementor-widget-wrap elementor-element-populated\">\n\t\t\t\t\t\t<div class=\"elementor-element elementor-element-1ceb34c elementor-widget elementor-widget-image\" data-id=\"1ceb34c\" data-element_type=\"widget\" data-e-type=\"widget\" data-widget_type=\"image.default\">\n\t\t\t\t<div class=\"elementor-widget-container\">\n\t\t\t\t\t\t\t\t\t\t\t\t\t\t\t\t<a href=\"https:\/\/euagenda.eu\/\" target=\"_blank\">\n\t\t\t\t\t\t\t<img decoding=\"async\" width=\"500\" height=\"200\" src=\"https:\/\/sowibefo-regensburg.de\/wp-content\/uploads\/2022\/10\/eu-agenda.jpg\" class=\"attachment-large size-large wp-image-2782\" alt=\"\" srcset=\"https:\/\/sowibefo-regensburg.de\/wp-content\/uploads\/2022\/10\/eu-agenda.jpg 500w, https:\/\/sowibefo-regensburg.de\/wp-content\/uploads\/2022\/10\/eu-agenda-300x120.jpg 300w, https:\/\/sowibefo-regensburg.de\/wp-content\/uploads\/2022\/10\/eu-agenda-18x7.jpg 18w\" sizes=\"(max-width: 500px) 100vw, 500px\" \/>\t\t\t\t\t\t\t\t<\/a>\n\t\t\t\t\t\t\t\t\t\t\t\t\t\t\t<\/div>\n\t\t\t\t<\/div>\n\t\t\t\t\t<\/div>\n\t\t<\/div>\n\t\t\t\t<div class=\"elementor-column elementor-col-66 elementor-top-column elementor-element elementor-element-7549beb\" data-id=\"7549beb\" data-element_type=\"column\" data-e-type=\"column\">\n\t\t\t<div class=\"elementor-widget-wrap elementor-element-populated\">\n\t\t\t\t\t\t<div class=\"elementor-element elementor-element-5ee1126 elementor-widget elementor-widget-text-editor\" data-id=\"5ee1126\" data-element_type=\"widget\" data-e-type=\"widget\" data-widget_type=\"text-editor.default\">\n\t\t\t\t<div class=\"elementor-widget-container\">\n\t\t\t\t\t\t\t\t\t<p>SoWiBeFo is a member of the EU Agenda. The EU Agenda maintains a database on the best policy content from thousands of qualified European sources. It strives to provide effective, new ways to inform the public about the European Union and its policies.<\/p>\t\t\t\t\t\t\t\t<\/div>\n\t\t\t\t<\/div>\n\t\t\t\t\t<\/div>\n\t\t<\/div>\n\t\t\t\t\t<\/div>\n\t\t<\/section>\n\t\t\t\t<\/div>","protected":false},"excerpt":{"rendered":"<p>Mitgliedschaften SoWiBeFo engagiert sich seit seinen Anf\u00e4ngen in unterschiedlichen Vereinen und Institutionen. Dabei entstanden nicht nur erfolgreich umgesetzte Projekte, sondern auch langj\u00e4hrige, zuverl\u00e4ssige und anregende Partnerschaften. Mit dem Klick auf die Logos gelangen sie auf die entsprechenden Webseiten. SoWiBeFo ist Mitglied der Arbeitsgemeinschaft Berufsbildungsforschungsnetz (AGBFN) und leistet Beitr\u00e4ge zur Berufsbildungsforschung. Die AGBFN f\u00f6rdert den interdisziplin\u00e4ren Austausch und unterst\u00fctzt die Kommunikation zwischen Wissenschaft, Politik und Bildungspraxis. SoWiBeFo hat die Charta der Vielfalt unterzeichnet. Damit positionieren wir uns f\u00fcr einen respektvollen, wertsch\u00e4tzenden und vorurteilsfreien Umgang miteinander &#8211; unabh\u00e4ngig von Geschlecht, Nationalit\u00e4t, Religion oder Weltanschauung, Aussehen, Behinderung, Krankheit, sozialer Herkunft, Alter oder sexueller Orientierung. SoWiBeFo ist Mitglied bei der EU-Agenda. Die EU-Agenda pflegt eine Datenbank \u00fcber die besten politischen Inhalte aus Tausenden von qualifizierten europ\u00e4ischen Quellen. Sie ist bestrebt, effektive, neue Wege zu bieten, um die \u00d6ffentlichkeit \u00fcber die Europ\u00e4ische Union und ihre Politik zu informieren.<\/p>","protected":false},"author":1,"featured_media":0,"parent":0,"menu_order":0,"comment_status":"closed","ping_status":"closed","template":"","meta":{"footnotes":""},"class_list":["post-68","page","type-page","status-publish"],"_links":{"self":[{"href":"https:\/\/sowibefo-regensburg.de\/en\/wp-json\/wp\/v2\/pages\/68","targetHints":{"allow":["GET"]}}],"collection":[{"href":"https:\/\/sowibefo-regensburg.de\/en\/wp-json\/wp\/v2\/pages"}],"about":[{"href":"https:\/\/sowibefo-regensburg.de\/en\/wp-json\/wp\/v2\/types\/page"}],"author":[{"embeddable":true,"href":"https:\/\/sowibefo-regensburg.de\/en\/wp-json\/wp\/v2\/users\/1"}],"replies":[{"embeddable":true,"href":"https:\/\/sowibefo-regensburg.de\/en\/wp-json\/wp\/v2\/comments?post=68"}],"version-history":[{"count":40,"href":"https:\/\/sowibefo-regensburg.de\/en\/wp-json\/wp\/v2\/pages\/68\/revisions"}],"predecessor-version":[{"id":2786,"href":"https:\/\/sowibefo-regensburg.de\/en\/wp-json\/wp\/v2\/pages\/68\/revisions\/2786"}],"wp:attachment":[{"href":"https:\/\/sowibefo-regensburg.de\/en\/wp-json\/wp\/v2\/media?parent=68"}],"curies":[{"name":"wp","href":"https:\/\/api.w.org\/{rel}","templated":true}]}}