{"id":8,"date":"2021-04-19T08:56:44","date_gmt":"2021-04-19T08:56:44","guid":{"rendered":"https:\/\/sowibefo-regensburg.de\/?page_id=8"},"modified":"2024-04-17T15:41:38","modified_gmt":"2024-04-17T13:41:38","slug":"verein","status":"publish","type":"page","link":"https:\/\/sowibefo-regensburg.de\/en\/verein\/","title":{"rendered":"Association"},"content":{"rendered":"<div data-elementor-type=\"wp-page\" data-elementor-id=\"8\" class=\"elementor elementor-8\">\n\t\t\t\t\t\t<section class=\"elementor-section elementor-top-section elementor-element elementor-element-7302707 elementor-section-boxed elementor-section-height-default elementor-section-height-default\" data-id=\"7302707\" data-element_type=\"section\" data-e-type=\"section\">\n\t\t\t\t\t\t<div class=\"elementor-container elementor-column-gap-default\">\n\t\t\t\t\t<div class=\"elementor-column elementor-col-100 elementor-top-column elementor-element elementor-element-30c91cd\" data-id=\"30c91cd\" data-element_type=\"column\" data-e-type=\"column\">\n\t\t\t<div class=\"elementor-widget-wrap elementor-element-populated\">\n\t\t\t\t\t\t<div class=\"elementor-element elementor-element-04f727d elementor-widget elementor-widget-heading\" data-id=\"04f727d\" data-element_type=\"widget\" data-e-type=\"widget\" data-widget_type=\"heading.default\">\n\t\t\t\t<div class=\"elementor-widget-container\">\n\t\t\t\t\t<h1 class=\"elementor-heading-title elementor-size-large\">Association<\/h1>\t\t\t\t<\/div>\n\t\t\t\t<\/div>\n\t\t\t\t\t<\/div>\n\t\t<\/div>\n\t\t\t\t\t<\/div>\n\t\t<\/section>\n\t\t\t\t<section class=\"elementor-section elementor-top-section elementor-element elementor-element-0623c1e elementor-section-boxed elementor-section-height-default elementor-section-height-default\" data-id=\"0623c1e\" data-element_type=\"section\" data-e-type=\"section\">\n\t\t\t\t\t\t<div class=\"elementor-container elementor-column-gap-default\">\n\t\t\t\t\t<div class=\"elementor-column elementor-col-100 elementor-top-column elementor-element elementor-element-432b62f\" data-id=\"432b62f\" data-element_type=\"column\" data-e-type=\"column\">\n\t\t\t<div class=\"elementor-widget-wrap elementor-element-populated\">\n\t\t\t\t\t\t<div class=\"elementor-element elementor-element-2f46eb5 elementor-widget elementor-widget-text-editor\" data-id=\"2f46eb5\" data-element_type=\"widget\" data-e-type=\"widget\" data-widget_type=\"text-editor.default\">\n\t\t\t\t<div class=\"elementor-widget-container\">\n\t\t\t\t\t\t\t\t\t<p>Knowledge is the most important production factor for the future of the European Union. And even though information is seemingly accessible to everyone on the internet these days, access to knowledge is not the same for everyone. Social, economic, geographical and cultural conditions determine the type of participation in the knowledge society.<\/p>\n<p>SoWiBeFo is a community of non-university researchers, practitioners and experts working for an innovative, sustainable and social Europe. Since 2009 we support local authorities, non-profit organisations and companies with our research work in their development process in order to help shape the European knowledge society. As an impulse generator, supervisor, project partner, author and mouthpiece, we work to make knowledge more accessible to all people in Europe and are committed to the areas of digitalisation, sustainability, culture, health and migration.<\/p>\t\t\t\t\t\t\t\t<\/div>\n\t\t\t\t<\/div>\n\t\t\t\t\t<\/div>\n\t\t<\/div>\n\t\t\t\t\t<\/div>\n\t\t<\/section>\n\t\t\t\t<section class=\"elementor-section elementor-top-section elementor-element elementor-element-783d0df elementor-section-boxed elementor-section-height-default elementor-section-height-default\" data-id=\"783d0df\" data-element_type=\"section\" data-e-type=\"section\">\n\t\t\t\t\t\t<div class=\"elementor-container elementor-column-gap-default\">\n\t\t\t\t\t<div class=\"elementor-column elementor-col-100 elementor-top-column elementor-element elementor-element-51ad5a6\" data-id=\"51ad5a6\" data-element_type=\"column\" data-e-type=\"column\">\n\t\t\t<div class=\"elementor-widget-wrap elementor-element-populated\">\n\t\t\t\t\t\t<div class=\"elementor-element elementor-element-dd9af1e elementor-widget elementor-widget-spacer\" data-id=\"dd9af1e\" data-element_type=\"widget\" data-e-type=\"widget\" data-widget_type=\"spacer.default\">\n\t\t\t\t<div class=\"elementor-widget-container\">\n\t\t\t\t\t\t\t<div class=\"elementor-spacer\">\n\t\t\t<div class=\"elementor-spacer-inner\"><\/div>\n\t\t<\/div>\n\t\t\t\t\t\t<\/div>\n\t\t\t\t<\/div>\n\t\t\t\t\t<\/div>\n\t\t<\/div>\n\t\t\t\t\t<\/div>\n\t\t<\/section>\n\t\t\t\t<section class=\"elementor-section elementor-top-section elementor-element elementor-element-b7d473e elementor-section-boxed elementor-section-height-default elementor-section-height-default\" data-id=\"b7d473e\" data-element_type=\"section\" data-e-type=\"section\">\n\t\t\t\t\t\t<div class=\"elementor-container elementor-column-gap-default\">\n\t\t\t\t\t<div class=\"elementor-column elementor-col-100 elementor-top-column elementor-element elementor-element-059618d\" data-id=\"059618d\" data-element_type=\"column\" data-e-type=\"column\">\n\t\t\t<div class=\"elementor-widget-wrap elementor-element-populated\">\n\t\t\t\t\t\t<div class=\"elementor-element elementor-element-616f41f elementor-widget elementor-widget-heading\" data-id=\"616f41f\" data-element_type=\"widget\" data-e-type=\"widget\" data-widget_type=\"heading.default\">\n\t\t\t\t<div class=\"elementor-widget-container\">\n\t\t\t\t\t<h1 class=\"elementor-heading-title elementor-size-large\">Chair<\/h1>\t\t\t\t<\/div>\n\t\t\t\t<\/div>\n\t\t\t\t\t<\/div>\n\t\t<\/div>\n\t\t\t\t\t<\/div>\n\t\t<\/section>\n\t\t\t\t<section class=\"elementor-section elementor-top-section elementor-element elementor-element-1cd4cec elementor-section-boxed elementor-section-height-default elementor-section-height-default\" data-id=\"1cd4cec\" data-element_type=\"section\" data-e-type=\"section\">\n\t\t\t\t\t\t<div class=\"elementor-container elementor-column-gap-default\">\n\t\t\t\t\t<div class=\"elementor-column elementor-col-33 elementor-top-column elementor-element elementor-element-fcf3f84\" data-id=\"fcf3f84\" data-element_type=\"column\" data-e-type=\"column\">\n\t\t\t<div class=\"elementor-widget-wrap elementor-element-populated\">\n\t\t\t\t\t\t<div class=\"elementor-element elementor-element-115018c elementor-widget elementor-widget-text-editor\" data-id=\"115018c\" data-element_type=\"widget\" data-e-type=\"widget\" data-widget_type=\"text-editor.default\">\n\t\t\t\t<div class=\"elementor-widget-container\">\n\t\t\t\t\t\t\t\t\t<p><span style=\"color: #e48312;\"><span style=\"font-weight: bold;\">Alexander Krauss<br \/>Board Member<\/span><\/span><\/p><p><span style=\"text-decoration: underline;\"><a href=\"https:\/\/sowibefo-regensburg.de\/wp-content\/uploads\/2022\/01\/Alexander_Krauss-CV-SoWiBeFo.pdf\" target=\"_blank\" rel=\"noopener\">Professional career (Download)<\/a><\/span><\/p><p>krauss@sowibefo-regensburg.de<br \/><a href=\"https:\/\/www.linkedin.com\/in\/alexander-krauss-b0600615\/\">LinkedIn<\/a>\u00a0|\u00a0<a href=\"https:\/\/www.xing.com\/profile\/Alexander_Krauss6\">Xing<\/a><\/p>\t\t\t\t\t\t\t\t<\/div>\n\t\t\t\t<\/div>\n\t\t\t\t\t<\/div>\n\t\t<\/div>\n\t\t\t\t<div class=\"elementor-column elementor-col-33 elementor-top-column elementor-element elementor-element-74b2912\" data-id=\"74b2912\" data-element_type=\"column\" data-e-type=\"column\">\n\t\t\t<div class=\"elementor-widget-wrap elementor-element-populated\">\n\t\t\t\t\t\t<div class=\"elementor-element elementor-element-2dcf922 elementor-widget elementor-widget-text-editor\" data-id=\"2dcf922\" data-element_type=\"widget\" data-e-type=\"widget\" data-widget_type=\"text-editor.default\">\n\t\t\t\t<div class=\"elementor-widget-container\">\n\t\t\t\t\t\t\t\t\t<p><span style=\"color: #e48312;\"><span style=\"font-weight: bold;\">Dr. Alice Buzdugan <br \/>Board Member<\/span><\/span><\/p><div><p><a style=\"text-decoration-line: underline; outline: 0px;\" href=\"https:\/\/sowibefo-regensburg.de\/wp-content\/uploads\/2022\/01\/Alice_Buzdugan-CV-SoWiBeFo.pdf\" target=\"_blank\" rel=\"noopener\">Professional career (Download)<\/a><\/p><p><span id=\"cloak76336\">buzdugan@sowibefo-regensburg.de<\/span><br \/><a href=\"https:\/\/www.linkedin.com\/in\/alice-buzdugan-830b0a93\/\">LinkedIn<\/a>\u00a0|\u00a0<a href=\"https:\/\/www.xing.com\/profile\/Alice_Buzdugan\">Xing<\/a><\/p><\/div>\t\t\t\t\t\t\t\t<\/div>\n\t\t\t\t<\/div>\n\t\t\t\t\t<\/div>\n\t\t<\/div>\n\t\t\t\t<div class=\"elementor-column elementor-col-33 elementor-top-column elementor-element elementor-element-dc0a3ca\" data-id=\"dc0a3ca\" data-element_type=\"column\" data-e-type=\"column\">\n\t\t\t<div class=\"elementor-widget-wrap elementor-element-populated\">\n\t\t\t\t\t\t\t<\/div>\n\t\t<\/div>\n\t\t\t\t\t<\/div>\n\t\t<\/section>\n\t\t\t\t<section class=\"elementor-section elementor-top-section elementor-element elementor-element-b4fe3b4 elementor-section-boxed elementor-section-height-default elementor-section-height-default\" data-id=\"b4fe3b4\" data-element_type=\"section\" data-e-type=\"section\">\n\t\t\t\t\t\t<div class=\"elementor-container elementor-column-gap-default\">\n\t\t\t\t\t<div class=\"elementor-column elementor-col-100 elementor-top-column elementor-element elementor-element-0fe2dac\" data-id=\"0fe2dac\" data-element_type=\"column\" data-e-type=\"column\">\n\t\t\t<div class=\"elementor-widget-wrap elementor-element-populated\">\n\t\t\t\t\t\t<div class=\"elementor-element elementor-element-9e66604 elementor-widget elementor-widget-spacer\" data-id=\"9e66604\" data-element_type=\"widget\" data-e-type=\"widget\" data-widget_type=\"spacer.default\">\n\t\t\t\t<div class=\"elementor-widget-container\">\n\t\t\t\t\t\t\t<div class=\"elementor-spacer\">\n\t\t\t<div class=\"elementor-spacer-inner\"><\/div>\n\t\t<\/div>\n\t\t\t\t\t\t<\/div>\n\t\t\t\t<\/div>\n\t\t\t\t\t<\/div>\n\t\t<\/div>\n\t\t\t\t\t<\/div>\n\t\t<\/section>\n\t\t\t\t<section class=\"elementor-section elementor-top-section elementor-element elementor-element-d487593 elementor-section-boxed elementor-section-height-default elementor-section-height-default\" data-id=\"d487593\" data-element_type=\"section\" data-e-type=\"section\">\n\t\t\t\t\t\t<div class=\"elementor-container elementor-column-gap-default\">\n\t\t\t\t\t<div class=\"elementor-column elementor-col-100 elementor-top-column elementor-element elementor-element-8640a00\" data-id=\"8640a00\" data-element_type=\"column\" data-e-type=\"column\">\n\t\t\t<div class=\"elementor-widget-wrap elementor-element-populated\">\n\t\t\t\t\t\t<div class=\"elementor-element elementor-element-bb1de7d elementor-widget elementor-widget-spacer\" data-id=\"bb1de7d\" data-element_type=\"widget\" data-e-type=\"widget\" data-widget_type=\"spacer.default\">\n\t\t\t\t<div class=\"elementor-widget-container\">\n\t\t\t\t\t\t\t<div class=\"elementor-spacer\">\n\t\t\t<div class=\"elementor-spacer-inner\"><\/div>\n\t\t<\/div>\n\t\t\t\t\t\t<\/div>\n\t\t\t\t<\/div>\n\t\t\t\t\t<\/div>\n\t\t<\/div>\n\t\t\t\t\t<\/div>\n\t\t<\/section>\n\t\t\t\t<section class=\"elementor-section elementor-top-section elementor-element elementor-element-886fd93 elementor-section-boxed elementor-section-height-default elementor-section-height-default\" data-id=\"886fd93\" data-element_type=\"section\" data-e-type=\"section\">\n\t\t\t\t\t\t<div class=\"elementor-container elementor-column-gap-default\">\n\t\t\t\t\t<div class=\"elementor-column elementor-col-100 elementor-top-column elementor-element elementor-element-11e7be3\" data-id=\"11e7be3\" data-element_type=\"column\" data-e-type=\"column\">\n\t\t\t<div class=\"elementor-widget-wrap elementor-element-populated\">\n\t\t\t\t\t\t<div class=\"elementor-element elementor-element-e425a2f elementor-widget elementor-widget-button\" data-id=\"e425a2f\" data-element_type=\"widget\" data-e-type=\"widget\" data-widget_type=\"button.default\">\n\t\t\t\t<div class=\"elementor-widget-container\">\n\t\t\t\t\t\t\t\t\t<div class=\"elementor-button-wrapper\">\n\t\t\t\t\t<a class=\"elementor-button elementor-button-link elementor-size-sm\" href=\"https:\/\/sowibefo-regensburg.de\/en\/vereinssatzung\/\">\n\t\t\t\t\t\t<span class=\"elementor-button-content-wrapper\">\n\t\t\t\t\t\t\t\t\t<span class=\"elementor-button-text\">Association statutes<\/span>\n\t\t\t\t\t<\/span>\n\t\t\t\t\t<\/a>\n\t\t\t\t<\/div>\n\t\t\t\t\t\t\t\t<\/div>\n\t\t\t\t<\/div>\n\t\t\t\t\t<\/div>\n\t\t<\/div>\n\t\t\t\t\t<\/div>\n\t\t<\/section>\n\t\t\t\t<\/div>","protected":false},"excerpt":{"rendered":"<p>Verein Wissen ist der wichtigste Produktionsfaktor f\u00fcr die Zukunft der europ\u00e4ischen Union. Und auch wenn Informationen heutzutage scheinbar f\u00fcr jeden im Internet zug\u00e4nglich sind, ist der Zugang zum Wissen nicht f\u00fcr alle gleich. Soziale, \u00f6konomische, geografische und kulturelle Bedingungen entscheiden \u00fcber die Art der Partizipation an der Wissensgesellschaft. SoWiBeFo ist eine Gemeinschaft an au\u00dferuniversit\u00e4ren Forscher:innen, Praktiker:innen und Expert:innen, die sich f\u00fcr ein innovative, nachhaltiges und soziales Europa einsetzen. Seit 2009 unterst\u00fctzen wir mit unserer Forschungsarbeit Kommunen, Non-Profit Organisationen und Unternehmen in ihrem Entwicklungsprozess, um die europ\u00e4ische Wissensgesellschaft mitzugestalten. Als Impulsgeber:in, Supervisor:in, Projektpartner:in, Autor:in und Sprachrohr arbeiten wir daran, dass Wissen f\u00fcr alle Menschen in Europa zug\u00e4nglicher wird und setzen uns f\u00fcr die Gebiete Digitalisierung, Nachhaltigkeit, Kultur, Gesundheit und Migration ein. Vorsitzende Alexander KraussVorstand Beruflicher Werdegang (Download) krauss@sowibefo-regensburg.deLinkedIn\u00a0|\u00a0Xing Dr. Alice Buzdugan Vorstand Beruflicher Werdegang (Download) buzdugan@sowibefo-regensburg.deLinkedIn\u00a0|\u00a0Xing Vereinssatzung<\/p>","protected":false},"author":1,"featured_media":0,"parent":0,"menu_order":0,"comment_status":"closed","ping_status":"closed","template":"","meta":{"footnotes":""},"class_list":["post-8","page","type-page","status-publish"],"_links":{"self":[{"href":"https:\/\/sowibefo-regensburg.de\/en\/wp-json\/wp\/v2\/pages\/8","targetHints":{"allow":["GET"]}}],"collection":[{"href":"https:\/\/sowibefo-regensburg.de\/en\/wp-json\/wp\/v2\/pages"}],"about":[{"href":"https:\/\/sowibefo-regensburg.de\/en\/wp-json\/wp\/v2\/types\/page"}],"author":[{"embeddable":true,"href":"https:\/\/sowibefo-regensburg.de\/en\/wp-json\/wp\/v2\/users\/1"}],"replies":[{"embeddable":true,"href":"https:\/\/sowibefo-regensburg.de\/en\/wp-json\/wp\/v2\/comments?post=8"}],"version-history":[{"count":150,"href":"https:\/\/sowibefo-regensburg.de\/en\/wp-json\/wp\/v2\/pages\/8\/revisions"}],"predecessor-version":[{"id":3522,"href":"https:\/\/sowibefo-regensburg.de\/en\/wp-json\/wp\/v2\/pages\/8\/revisions\/3522"}],"wp:attachment":[{"href":"https:\/\/sowibefo-regensburg.de\/en\/wp-json\/wp\/v2\/media?parent=8"}],"curies":[{"name":"wp","href":"https:\/\/api.w.org\/{rel}","templated":true}]}}